{"id":57,"date":"2021-08-02T07:51:18","date_gmt":"2021-08-02T07:51:18","guid":{"rendered":"https:\/\/dkfw.pl\/?page_id=57"},"modified":"2024-11-19T15:42:50","modified_gmt":"2024-11-19T15:42:50","slug":"o-nas","status":"publish","type":"page","link":"https:\/\/dkfw.pl\/index.php\/o-nas\/","title":{"rendered":"O NAS"},"content":{"rendered":"\n<p><strong>SP\u00d3\u0141KA<\/strong><\/p>\n\n\n\n<p>DK Farma Wiatrowa Sp. z o.o. (DKWF) z siedzib\u0105 w Gda\u0144sku powsta\u0142a w celu realizacji i eksploatacji Farmy Wiatrowej Dobieszewo w gminie D\u0119bnica Kaszubska pow. s\u0142upski. Wi\u0119kszo\u015bciowym udzia\u0142owcem sp\u00f3\u0142ki jest hiszpa\u0144ska Grupa Kapita\u0142owa Uriel. Drugim udzia\u0142owcem jest pochodz\u0105ca z Katalonii rodzinna firma Gestio E.S., S.L.<\/p>\n\n\n\n<p><strong>PROJEKT<\/strong><\/p>\n\n\n\n<p>Farma Wiatrowa Dobieszewo sk\u0142ada si\u0119 z 6 turbin wiatrowych Vestas V126 o mocy 3,45MW ka\u017cda. Turbiny maj\u0105 wysoko\u015b\u0107 do rotora HH 117m oraz rozpi\u0119to\u015b\u0107 \u015bmigie\u0142 126m, co daje \u0142\u0105czn\u0105 wysoko\u015b\u0107 180m. \u0141\u0105czna moc instalacji to 20,7MW. Moc elektrowni wyprowadzona jest podziemn\u0105 lini\u0105 kablow\u0105 \u015bredniego napi\u0119cia 30kV o d\u0142ugo\u015bci ok 9,6km do abonenckiej stacji elektroenergetycznej GPO DK zlokalizowanej w D\u0119bnicy Kaszubskiej. GPO wyposa\u017cony jest w transformator o mocy 25MVA 30\/110kV za jego po\u015brednictwem generowana moc jest dostarczona do sieci elektroenergetycznej poprzez most szynowy \u0142\u0105cz\u0105cy GPO DK ze stacj\u0105 elektroenergetyczn\u0105 Energa-Operator S.A. \u0141\u0105czny koszt budowy przekroczy 100 mln z\u0142otych netto. W ci\u0105gu przewidzianego 30 letniego okresu eksploatacji ka\u017cdego roku farma wygeneruje ponad 66GWh energii elektrycznej, kt\u00f3ra wystarczy do zasilenia ponad 15 tysi\u0119cy gospodarstw domowych i przyczyni si\u0119 do ograniczenia o ponad 50 tysi\u0119cy ton emisji CO2 do atmosfery.<\/p>\n\n\n\n<p><strong>HISTORIA<\/strong><\/p>\n\n\n\n<p>Prace nad projektem FW Dobieszewo rozpocz\u0119\u0142y si\u0119 2008 roku, w 2013 Gmina D\u0119bnica Kaszubska uchwali\u0142a Miejscowy Plan Zagospodarowania Przestrzennego dopuszczaj\u0105cy budow\u0119 6 elektrowni wiatrowych w okolicach wsi Dobieszewo, Troszki oraz Dobieszewko. W lutym 2015 projekt uzyska\u0142 Decyzj\u0119 o \u015brodowiskowych uwarunkowania i jesieni\u0105 tego samego roku Decyzj\u0119 o pozwoleniu na budow\u0119. W marcu 2016 roku Decyzja o pozwoleniu na budow\u0119 uzyska\u0142a status ostatecznej jesieni\u0105 tego roku Inwestor rozpocz\u0105\u0142 budow\u0119 \u2013 prace przygotowawcze, geodezyjne wytyczenie obiektu w terenie, jednak ze wzgl\u0119d\u00f3w legislacyjnych (Ustawa odleg\u0142o\u015bciowa, ustawa o OZE) nie dosz\u0142o do rozpocz\u0119cia rob\u00f3t budowlanych. Inwestor zobligowany zosta\u0142 przez wprowadzone zmiany legislacyjne do udzia\u0142u w Aukcji organizowanej przez Urz\u0105d Regulacji Energetyki. Projekt wystartowa\u0142 w pierwszej organizowanej w 2018 roku aukcji jednak dopiero udzia\u0142 w drugiej organizowanej w grudniu 2019 roku zako\u0144czy\u0142 si\u0119 sukcesem i mo\u017cna by\u0142o wznowi\u0107 realizacj\u0119 projektu. Na prze\u0142omie maja i czerwca 2020 sp\u00f3\u0142ka DK Farma Wiatrowa podpisa\u0142a umow\u0119 z Vestas Poland Sp. z o.o. kontrakt na dostaw\u0119, monta\u017c i uruchomienie 6 turbin wiatrowych oraz kontrakt na realizacj\u0119 rob\u00f3t budowlanych i energetycznych zwi\u0105zanych z infrastruktur\u0105 farmy ze konsorcjum firm PBDI S.A. (obecnie ONDE S.A.) oraz ERBUD S.A. Dostawa turbin przewidziana by\u0142a na pa\u017adziernik 2021 r, rozpocz\u0119cie rob\u00f3t budowlanych maj 2021 r. W lipcu 2022 roku Farma Wiatrowa otrzyma\u0142a Pozwolenie na u\u017cytkowanie i rozpocz\u0119\u0142a si\u0119 jej eksploatacja.<\/p>\n\n\n\n<p><strong>KORZYS\u0106I DLA GMINY I MIESZKA\u0143C\u00d3W<\/strong><\/p>\n\n\n\n<p>Co roku sp\u00f3\u0142ka DK Farma Wiatrowa odprowadza\u0107 b\u0119dzie do Gminy oko\u0142o 500 ty\u015b z\u0142otych podatku od nieruchomo\u015bci dodatkowo w ramach umowy dzier\u017cawy terenu pod GPO DK z Gmin\u0105 D\u0119bnica Kaszubska sp\u00f3\u0142ka, co rok wp\u0142aca\u0107 b\u0119dzie ok 200 ty\u015b z\u0142 tytu\u0142em dzier\u017cawy. Oznacza to \u017ce w okresie eksploatacji do kasy Gminy wp\u0142ynie ponad 20mln z\u0142otych. Niezale\u017cnie od tego Sp\u00f3\u0142ka zawar\u0142a z Gmin\u0105 tzw. Porozumienie o realizacji inwestycji kompensacyjnych w okolicach Dobieszewa. Na mocy porozumienia sp\u00f3\u0142ka wp\u0142aci\u0142a do Gminy jednorazow\u0105 kwot\u0119 250 ty\u015b z\u0142 oraz zobowi\u0105za\u0142a si\u0119 w okresie eksploatacji (30 lat) co roku wp\u0142aca\u0107 do Gminy 25 ty\u015b z\u0142 z przeznaczeniem na Fundusz So\u0142ecki Dobieszewa oraz co 5 lat wp\u0142aca\u0107 dodatkowo kwot\u0119 120&nbsp; ty\u015b z\u0142 na realizacj\u0119 kolejnych inwestycji. Sp\u00f3\u0142ka podpisa\u0142a r\u00f3wnie\u017c Umow\u0119 z Zarz\u0105dem Dr\u00f3g Powiatowych w S\u0142upsku na mocy kt\u00f3rej dofinansuje kwot\u0105 800 ty\u015b z\u0142 przebudow\u0119 Drogi powiatowej 1178G na odcinku od obiektu mostowego na rzece Skotawa do miejscowo\u015bci Dobieszewo<\/p>\n","protected":false},"excerpt":{"rendered":"<p>SP\u00d3\u0141KA DK Farma Wiatrowa Sp. z o.o. (DKWF) z siedzib\u0105 w Gda\u0144sku powsta\u0142a w celu realizacji i eksploatacji Farmy Wiatrowej &hellip; <\/p>\n<p class=\"link-more\"><a href=\"https:\/\/dkfw.pl\/index.php\/o-nas\/\" class=\"more-link fw-bold\"><span class=\"more-link-arrow me-2 position-relative rounded-circle d-inline-block\"><\/span> Continue reading<span class=\"screen-reader-text\"> &#8222;O NAS&#8221;<\/span><\/a><\/p>\n","protected":false},"author":1,"featured_media":0,"parent":0,"menu_order":5,"comment_status":"closed","ping_status":"closed","template":"","meta":{"footnotes":""},"class_list":["post-57","page","type-page","status-publish","hentry"],"_links":{"self":[{"href":"https:\/\/dkfw.pl\/index.php\/wp-json\/wp\/v2\/pages\/57","targetHints":{"allow":["GET"]}}],"collection":[{"href":"https:\/\/dkfw.pl\/index.php\/wp-json\/wp\/v2\/pages"}],"about":[{"href":"https:\/\/dkfw.pl\/index.php\/wp-json\/wp\/v2\/types\/page"}],"author":[{"embeddable":true,"href":"https:\/\/dkfw.pl\/index.php\/wp-json\/wp\/v2\/users\/1"}],"replies":[{"embeddable":true,"href":"https:\/\/dkfw.pl\/index.php\/wp-json\/wp\/v2\/comments?post=57"}],"version-history":[{"count":5,"href":"https:\/\/dkfw.pl\/index.php\/wp-json\/wp\/v2\/pages\/57\/revisions"}],"predecessor-version":[{"id":629,"href":"https:\/\/dkfw.pl\/index.php\/wp-json\/wp\/v2\/pages\/57\/revisions\/629"}],"wp:attachment":[{"href":"https:\/\/dkfw.pl\/index.php\/wp-json\/wp\/v2\/media?parent=57"}],"curies":[{"name":"wp","href":"https:\/\/api.w.org\/{rel}","templated":true}]}}